{"id":6,"date":"2023-10-14T19:45:17","date_gmt":"2023-10-14T17:45:17","guid":{"rendered":"https:\/\/mmmeulebeik.com\/?page_id=6"},"modified":"2025-09-15T16:33:51","modified_gmt":"2025-09-15T14:33:51","slug":"maison-medicale-meulebeik","status":"publish","type":"page","link":"https:\/\/www.mmmeulebeik.com\/","title":{"rendered":"Maison M\u00e9dicale Meulebeik"},"content":{"rendered":"\n<div class=\"wp-block-group\"><div class=\"wp-block-group__inner-container is-layout-constrained wp-block-group-is-layout-constrained\">\n<div class=\"wp-block-columns is-layout-flex wp-container-core-columns-is-layout-9d6595d7 wp-block-columns-is-layout-flex\">\n<div class=\"wp-block-column is-layout-flow wp-block-column-is-layout-flow\">\n<h1 class=\"wp-block-heading has-text-align-center has-white-color has-text-color has-link-color wp-elements-5dc7f7234c54ddbeb5dc645e75c63e27\">&#8211; <mark style=\"background-color:rgba(0, 0, 0, 0)\" class=\"has-inline-color has-white-color\">INSCRIPTIONS AU FORFAIT OUVERTES &#8211; <\/mark><\/h1>\n\n\n\n<p class=\"has-text-align-center has-white-color has-text-color has-link-color wp-elements-13ccf5b4b6c29c9d17d121846c1a0522\"><\/p>\n<\/div>\n<\/div>\n<\/div><\/div>\n\n\n\n<div class=\"wp-block-group is-nowrap is-layout-flex wp-container-core-group-is-layout-ad2f72ca wp-block-group-is-layout-flex\"><\/div>\n\n\n\n<div class=\"wp-block-group is-nowrap is-layout-flex wp-container-core-group-is-layout-ad2f72ca wp-block-group-is-layout-flex\"><\/div>\n\n\n\n<div class=\"wp-block-columns is-layout-flex wp-container-core-columns-is-layout-9d6595d7 wp-block-columns-is-layout-flex\">\n<div class=\"wp-block-column is-layout-flow wp-block-column-is-layout-flow\">\n<div class=\"wp-block-group\"><div class=\"wp-block-group__inner-container is-layout-constrained wp-block-group-is-layout-constrained\">\n<div class=\"wp-block-group\"><div class=\"wp-block-group__inner-container is-layout-constrained wp-block-group-is-layout-constrained\">\n<div class=\"wp-block-group\"><div class=\"wp-block-group__inner-container is-layout-constrained wp-block-group-is-layout-constrained\">\n<div class=\"wp-block-group\"><div class=\"wp-block-group__inner-container is-layout-constrained wp-block-group-is-layout-constrained\">\n<h3 class=\"wp-block-heading has-text-align-center\"><strong><mark style=\"background-color:rgba(0, 0, 0, 0)\" class=\"has-inline-color has-luminous-vivid-amber-color\">Notre \u00e9quipe est compos\u00e9e de<\/mark><\/strong><\/h3>\n\n\n\n<div class=\"wp-block-group\"><div class=\"wp-block-group__inner-container is-layout-constrained wp-block-group-is-layout-constrained\">\n<div class=\"wp-block-group\"><div class=\"wp-block-group__inner-container is-layout-constrained wp-block-group-is-layout-constrained\">\n<div class=\"wp-block-group is-vertical is-content-justification-center is-layout-flex wp-container-core-group-is-layout-4b2eccd6 wp-block-group-is-layout-flex\">\n<div class=\"wp-block-columns is-layout-flex wp-container-core-columns-is-layout-9d6595d7 wp-block-columns-is-layout-flex\">\n<div class=\"wp-block-column is-layout-flow wp-block-column-is-layout-flow\" style=\"flex-basis:100%\">\n<div class=\"wp-block-group\"><div class=\"wp-block-group__inner-container is-layout-constrained wp-block-group-is-layout-constrained\">\n<div class=\"wp-block-group\"><div class=\"wp-block-group__inner-container is-layout-constrained wp-block-group-is-layout-constrained\">\n<div class=\"wp-block-group is-vertical is-content-justification-center is-layout-flex wp-container-core-group-is-layout-33274b1e wp-block-group-is-layout-flex\">\n<div class=\"wp-block-group\"><div class=\"wp-block-group__inner-container is-layout-constrained wp-block-group-is-layout-constrained\">\n<div class=\"wp-block-group\"><div class=\"wp-block-group__inner-container is-layout-constrained wp-block-group-is-layout-constrained\">\n<p class=\"has-text-align-center\"><strong>2 M\u00e9decins g\u00e9n\u00e9ralistes<\/strong><\/p>\n\n\n\n<div class=\"wp-block-group\"><div class=\"wp-block-group__inner-container is-layout-constrained wp-block-group-is-layout-constrained\">\n<p class=\"has-text-align-center\"><em>Dr Marie-Laure Boulang\u00e9<\/em> <\/p>\n\n\n\n<p class=\"has-text-align-center\"><em>Dr Perrine Rondelet<\/em><\/p>\n<\/div><\/div>\n\n\n\n<p><\/p>\n\n\n\n<p class=\"has-text-align-center\"><strong>1 Infirmi\u00e8re&nbsp;<\/strong><\/p>\n\n\n\n<p class=\"has-text-align-center\"><strong>1 Kin\u00e9sith\u00e9rapeute<\/strong><\/p>\n\n\n\n<p class=\"has-text-align-center\"><strong>1 Accueillant<\/strong><\/p>\n\n\n\n<p class=\"has-text-align-center\"><strong>1 Gestionnaire<\/strong><\/p>\n<\/div><\/div>\n<\/div><\/div>\n<\/div>\n<\/div><\/div>\n<\/div><\/div>\n<\/div>\n<\/div>\n<\/div>\n<\/div><\/div>\n<\/div><\/div>\n<\/div><\/div>\n<\/div><\/div>\n<\/div><\/div>\n<\/div><\/div>\n<\/div>\n\n\n\n<div class=\"wp-block-column is-layout-flow wp-block-column-is-layout-flow\">\n<div class=\"wp-block-group\"><div class=\"wp-block-group__inner-container is-layout-constrained wp-block-group-is-layout-constrained\">\n<div class=\"wp-block-group\"><div class=\"wp-block-group__inner-container is-layout-constrained wp-block-group-is-layout-constrained\">\n<div class=\"wp-block-group\"><div class=\"wp-block-group__inner-container is-layout-constrained wp-block-group-is-layout-constrained\">\n<h3 class=\"wp-block-heading has-text-align-center\"><strong><mark style=\"background-color:rgba(0, 0, 0, 0)\" class=\"has-inline-color has-luminous-vivid-amber-color\">Horaires<\/mark><\/strong> <\/h3>\n\n\n\n<p class=\"has-text-align-center\">Nous sommes ouverts du<\/p>\n\n\n\n<p class=\"has-text-align-center has-luminous-vivid-orange-color has-text-color has-link-color wp-elements-451e79ad6c4c414266f322ed8c9dfd8b\"><strong><mark style=\"background-color:rgba(0, 0, 0, 0)\" class=\"has-inline-color has-luminous-vivid-amber-color\">Lundi au Vendredi&nbsp;de 8h30 \u00e0 18h30<\/mark><\/strong><\/p>\n\n\n\n<p class=\"has-text-align-center\">Nous sommes ferm\u00e9s les lundis pour notre r\u00e9union d\u2019\u00e9quipe&nbsp;de 13h30 \u00e0 14h30<\/p>\n\n\n\n<div class=\"wp-block-group is-vertical is-layout-flex wp-container-core-group-is-layout-8cf370e7 wp-block-group-is-layout-flex\"><\/div>\n\n\n\n<div class=\"wp-block-group is-vertical is-layout-flex wp-container-core-group-is-layout-8cf370e7 wp-block-group-is-layout-flex\">\n<div class=\"wp-block-group\"><div class=\"wp-block-group__inner-container is-layout-constrained wp-block-group-is-layout-constrained\">\n<div class=\"wp-block-group\"><div class=\"wp-block-group__inner-container is-layout-constrained wp-block-group-is-layout-constrained\">\n<p class=\"has-text-align-center\">Pour toute urgence lors de nos heures de fermeture en journ\u00e9e,<\/p>\n\n\n\n<p class=\"has-text-align-center\">appelez-nous. <\/p>\n\n\n\n<div class=\"wp-block-group\"><div class=\"wp-block-group__inner-container is-layout-constrained wp-block-group-is-layout-constrained\">\n<h5 class=\"wp-block-heading has-text-align-center\"><mark style=\"background-color:rgba(0, 0, 0, 0)\" class=\"has-inline-color has-white-color\">Pour toute urgence en dehors des heures d\u2019ouverture de la MM&nbsp; Contactez la garde bruxelloise&nbsp;<\/mark><\/h5>\n\n\n\n<h5 class=\"wp-block-heading has-text-align-center\"><mark style=\"background-color:rgba(0, 0, 0, 0)\" class=\"has-inline-color has-white-color\">02\/201.22.22<\/mark><\/h5>\n<\/div><\/div>\n<\/div><\/div>\n<\/div><\/div>\n<\/div>\n<\/div><\/div>\n<\/div><\/div>\n<\/div><\/div>\n<\/div>\n\n\n\n<div class=\"wp-block-column is-layout-flow wp-block-column-is-layout-flow\">\n<h3 class=\"wp-block-heading has-text-align-center\"><strong><mark style=\"background-color:rgba(0, 0, 0, 0)\" class=\"has-inline-color has-luminous-vivid-amber-color\">Contact <\/mark><\/strong><\/h3>\n\n\n\n<p class=\"has-text-align-center has-white-color has-text-color has-link-color wp-elements-4c879ae99342ef7e1d449b9de8ed9eb2\"><a href=\"https:\/\/www.google.com\/maps\/place\/Rue+Mommaerts+22,+1080+Molenbeek-Saint-Jean\/@50.8584257,4.3360101,17z\/data=!3m1!4b1!4m6!3m5!1s0x47c3c38d83b0372d:0x5298edc79218f72d!8m2!3d50.8584257!4d4.338585!16s%2Fg%2F11c2cs6clt?entry=ttu\"><strong><mark style=\"background-color:rgba(0, 0, 0, 0)\" class=\"has-inline-color has-luminous-vivid-amber-color\">Rue Mommaerts, 22<br>1080 Molenbeek-saint-Jean<\/mark><\/strong><\/a><br>Tel : 02\/615.09.09<br>Email : mmmeulebeik@gmail.com<\/p>\n\n\n\n<figure class=\"wp-block-image size-large\"><img loading=\"lazy\" decoding=\"async\" width=\"854\" height=\"1024\" src=\"https:\/\/www.mmmeulebeik.com\/wp-content\/uploads\/2023\/10\/Capture-decran-2023-10-15-a-08.54.48-854x1024.png\" alt=\"Maison m\u00e9dicale molenbeek \nMeulebeik\" class=\"wp-image-140\" srcset=\"https:\/\/www.mmmeulebeik.com\/wp-content\/uploads\/2023\/10\/Capture-decran-2023-10-15-a-08.54.48-854x1024.png 854w, https:\/\/www.mmmeulebeik.com\/wp-content\/uploads\/2023\/10\/Capture-decran-2023-10-15-a-08.54.48-250x300.png 250w, https:\/\/www.mmmeulebeik.com\/wp-content\/uploads\/2023\/10\/Capture-decran-2023-10-15-a-08.54.48-768x921.png 768w, https:\/\/www.mmmeulebeik.com\/wp-content\/uploads\/2023\/10\/Capture-decran-2023-10-15-a-08.54.48.png 1094w\" sizes=\"auto, (max-width: 854px) 100vw, 854px\" \/><\/figure>\n<\/div>\n<\/div>\n\n\n\n<div class=\"wp-block-columns is-layout-flex wp-container-core-columns-is-layout-9d6595d7 wp-block-columns-is-layout-flex\">\n<div class=\"wp-block-column is-layout-flow wp-block-column-is-layout-flow\" style=\"flex-basis:33.33%\">\n<h3 class=\"wp-block-heading\"><strong><mark style=\"background-color:rgba(0, 0, 0, 0)\" class=\"has-inline-color has-luminous-vivid-amber-color\">Notre maison m\u00e9dicale fonctionne au forfait : <\/mark><\/strong><\/h3>\n\n\n\n<p>Notre souhait est de pouvoir accueillir tout le monde habitant dans le p\u00e9rim\u00e8tre de la MM quelle que soit sa situation administrative donc pour tous renseignements suppl\u00e9mentaires,&nbsp;n\u2019h\u00e9sitez pas \u00e0 demander \u00e0 l\u2019accueil de la maison m\u00e9dicale<\/p>\n<\/div>\n\n\n\n<div class=\"wp-block-column is-layout-flow wp-block-column-is-layout-flow\" style=\"flex-basis:66.66%\">\n<h3 class=\"wp-block-heading has-text-align-right\"><strong><mark style=\"background-color:rgba(0, 0, 0, 0)\" class=\"has-inline-color has-luminous-vivid-amber-color\">Le forfait c&rsquo;est quoi ? <\/mark><\/strong><\/h3>\n\n\n\n<p class=\"has-text-align-right\">C\u2019est une alternative solidaire entre patients qui ont besoin de soins et les autres. Pour chaque patient, la mutuelle verse un montant forfaitaire par mois pour les m\u00e9decins, kin\u00e9s et infirmi\u00e8res, ce montant sera utilis\u00e9 pour payer les travailleurs et permettre ainsi une consultation gratuite.&nbsp;<\/p>\n\n\n\n<p class=\"has-text-align-right\">La relation th\u00e9rapeutique n\u2019a plus de rapport avec un \u00e9change d\u2019argent ce qui nous permet d\u2019axer nos pratiques et nos activit\u00e9s sur la pr\u00e9vention et d\u2019avoir une approche globale de la sant\u00e9.<\/p>\n\n\n\n<h3 class=\"wp-block-heading has-text-align-right\"><strong><mark style=\"background-color:rgba(0, 0, 0, 0)\" class=\"has-inline-color has-luminous-vivid-amber-color\">Pour s\u2019inscrire :&nbsp;<\/mark><\/strong><\/h3>\n\n\n\n<p class=\"has-text-align-right\">Etre en ordre de mutuelle (apporter plusieurs vignettes lors de l\u2019inscription)<\/p>\n\n\n\n<p class=\"has-text-align-right\">Habiter notre p\u00e9rim\u00e8tre (renseignement \u00e0 l\u2019accueil)<\/p>\n\n\n\n<p class=\"has-text-align-right\">Accepter les clauses du contrat<\/p>\n<\/div>\n<\/div>\n\n\n\n<div class=\"wp-block-columns is-layout-flex wp-container-core-columns-is-layout-9d6595d7 wp-block-columns-is-layout-flex\">\n<div class=\"wp-block-column is-layout-flow wp-block-column-is-layout-flow\">\n<h3 class=\"wp-block-heading\"><strong><mark style=\"background-color:rgba(0, 0, 0, 0)\" class=\"has-inline-color has-luminous-vivid-amber-color\">En r\u00e9sum\u00e9 :&nbsp;<\/mark><\/strong><\/h3>\n\n\n\n<p>Vous signez un contrat avec la maison m\u00e9dicale&nbsp;<\/p>\n\n\n\n<p>Votre mutuelle nous verse un montant mensuel forfaitaire&nbsp;<\/p>\n\n\n\n<p>Vous avez acc\u00e8s aux soins gratuitement dans notre structure<\/p>\n\n\n\n<p>En contrepartie, vous ne pouvez pas consulter ailleurs qu\u2019\u00e0 la maison m\u00e9dicale (sauf exception) pour tous ces soins de premi\u00e8re ligne (m\u00e9decine g\u00e9n\u00e9rale, kin\u00e9, soins infirmiers)<\/p>\n\n\n\n<p>Vous pouvez toujours consulter chez des sp\u00e9cialistes et votre mutuelle vous rembourse normalement<\/p>\n<\/div>\n<\/div>\n\n\n\n<div class=\"wp-block-group\"><div class=\"wp-block-group__inner-container is-layout-constrained wp-block-group-is-layout-constrained\">\n<div class=\"wp-block-columns is-layout-flex wp-container-core-columns-is-layout-9d6595d7 wp-block-columns-is-layout-flex\">\n<div class=\"wp-block-column is-layout-flow wp-block-column-is-layout-flow\">\n<h3 class=\"wp-block-heading\"><mark style=\"background-color:rgba(0, 0, 0, 0)\" class=\"has-inline-color has-luminous-vivid-amber-color\">Liens Utiles<\/mark><\/h3>\n\n\n\n<ul class=\"wp-block-list\">\n<li><a href=\"https:\/\/www.companyweb.be\/company\/0793775150\/free-pub\/21917222\">Nos statuts <\/a><\/li>\n\n\n\n<li>Le <a href=\"https:\/\/www.financite.be\/\">site de Financit\u00e9<\/a><\/li>\n\n\n\n<li><a href=\"https:\/\/www.facebook.com\/profile.php?id=61561165172838&amp;locale=fr_FR\" data-type=\"link\" data-id=\"https:\/\/www.facebook.com\/profile.php?id=61561165172838&amp;locale=fr_FR\">Notre page Facebook<\/a><\/li>\n\n\n\n<li><a href=\"https:\/\/www.google.com\/search?sca_esv=fb64c27acdf6db0d&amp;sxsrf=ADLYWIIKW1E_VqAU0s5Pm_lft84EcwKVNA:1719582945095&amp;uds=ADvngMjcH0KdF7qGWtwTBrP0nt7ddMy6MPTIJBLnaQlVK5nOQABU_p55Ga4YS6WkZm7a-WEJv9hLxcfO-lAJyQnJ2RPfK6rknS4myOT_z67_wPyWBYb_YdtkiOn2l9FwRc0m75Cb98aCw_lqMUEvbd6ZcLLTKo2Z4g&amp;si=ACC90nwjPmqJHrCEt6ewASzksVFQDX8zco_7MgBaIawvaF4-7ily42q_5-ETa3f1fCcQ9_ycmueBhyJ-6hzWc4O-oDhpycew5KfH2ka_fM8Gh3sZnik5MDw%3D&amp;q=Maison+M%C3%A9dicale+Meulebeik+Avis&amp;sa=X&amp;ved=2ahUKEwiKrOrUuf6GAxVhTaQEHfc0DtQQ3PALegQIQBAF&amp;biw=1440&amp;bih=754&amp;dpr=2\">Laissez nous un avis sur Google<\/a><\/li>\n<\/ul>\n<\/div>\n<\/div>\n<\/div><\/div>\n","protected":false},"excerpt":{"rendered":"<p>&#8211; INSCRIPTIONS AU FORFAIT OUVERTES &#8211; Notre \u00e9quipe est compos\u00e9e de 2 M\u00e9decins g\u00e9n\u00e9ralistes Dr Marie-Laure Boulang\u00e9 Dr Perrine Rondelet 1 Infirmi\u00e8re&nbsp; 1 Kin\u00e9sith\u00e9rapeute 1 Accueillant 1 Gestionnaire Horaires Nous sommes ouverts du Lundi au Vendredi&nbsp;de 8h30 \u00e0 18h30 Nous sommes ferm\u00e9s les lundis pour notre r\u00e9union d\u2019\u00e9quipe&nbsp;de 13h30 \u00e0 14h30 Pour toute urgence lors<\/p>\n","protected":false},"author":1,"featured_media":7,"parent":0,"menu_order":0,"comment_status":"closed","ping_status":"closed","template":"","meta":{"footnotes":""},"class_list":["post-6","page","type-page","status-publish","has-post-thumbnail","hentry"],"_links":{"self":[{"href":"https:\/\/www.mmmeulebeik.com\/index.php\/wp-json\/wp\/v2\/pages\/6","targetHints":{"allow":["GET"]}}],"collection":[{"href":"https:\/\/www.mmmeulebeik.com\/index.php\/wp-json\/wp\/v2\/pages"}],"about":[{"href":"https:\/\/www.mmmeulebeik.com\/index.php\/wp-json\/wp\/v2\/types\/page"}],"author":[{"embeddable":true,"href":"https:\/\/www.mmmeulebeik.com\/index.php\/wp-json\/wp\/v2\/users\/1"}],"replies":[{"embeddable":true,"href":"https:\/\/www.mmmeulebeik.com\/index.php\/wp-json\/wp\/v2\/comments?post=6"}],"version-history":[{"count":86,"href":"https:\/\/www.mmmeulebeik.com\/index.php\/wp-json\/wp\/v2\/pages\/6\/revisions"}],"predecessor-version":[{"id":204,"href":"https:\/\/www.mmmeulebeik.com\/index.php\/wp-json\/wp\/v2\/pages\/6\/revisions\/204"}],"wp:featuredmedia":[{"embeddable":true,"href":"https:\/\/www.mmmeulebeik.com\/index.php\/wp-json\/wp\/v2\/media\/7"}],"wp:attachment":[{"href":"https:\/\/www.mmmeulebeik.com\/index.php\/wp-json\/wp\/v2\/media?parent=6"}],"curies":[{"name":"wp","href":"https:\/\/api.w.org\/{rel}","templated":true}]}}